{"id":163,"date":"2019-12-31T02:04:18","date_gmt":"2019-12-31T01:04:18","guid":{"rendered":"https:\/\/lencart.fr\/?page_id=163"},"modified":"2025-12-01T12:18:59","modified_gmt":"2025-12-01T11:18:59","slug":"carte-restaurant-lencart-salade-pizza-pates","status":"publish","type":"page","link":"https:\/\/lencart.fr\/?page_id=163","title":{"rendered":"Carte"},"content":{"rendered":"\t\t<div data-elementor-type=\"wp-page\" data-elementor-id=\"163\" class=\"elementor elementor-163\" data-elementor-settings=\"{&quot;ha_cmc_init_switcher&quot;:&quot;no&quot;}\">\n\t\t\t\t\t\t<section class=\"elementor-section elementor-top-section elementor-element elementor-element-52bca385 elementor-section-stretched elementor-section-full_width elementor-section-height-default elementor-section-height-default\" data-id=\"52bca385\" data-element_type=\"section\" data-settings=\"{&quot;stretch_section&quot;:&quot;section-stretched&quot;,&quot;background_background&quot;:&quot;classic&quot;,&quot;_ha_eqh_enable&quot;:false}\">\n\t\t\t\t\t\t<div class=\"elementor-container elementor-column-gap-extended\">\n\t\t\t\t\t<div class=\"elementor-column elementor-col-100 elementor-top-column elementor-element elementor-element-7e86425b\" data-id=\"7e86425b\" data-element_type=\"column\">\n\t\t\t<div class=\"elementor-widget-wrap elementor-element-populated\">\n\t\t\t\t\t\t<div class=\"elementor-element elementor-element-d68a5ff elementor-hidden-desktop elementor-hidden-tablet elementor-hidden-phone elementor-widget elementor-widget-text-editor\" data-id=\"d68a5ff\" data-element_type=\"widget\" data-widget_type=\"text-editor.default\">\n\t\t\t\t<div class=\"elementor-widget-container\">\n\t\t\t\t\t\t\t\t\t<h1>restaurant Arras LENCART salade pizza p\u00e2tes Beaurains 62 &#8211; Composez votre assiette &#8211; Formules \u00e0 volont\u00e9 &#8211;<\/h1><p>restaurant Arras LENCART salade pizza p\u00e2tes Beaurains 62 &#8211; Composez votre assiette &#8211; Formules \u00e0 volont\u00e9 &#8211; R\u00e9servation sur <a href=\"https:\/\/lencart.fr\/\">www.lencart.fr<\/a><\/p><h2>restaurant Arras LENCART salade pizza p\u00e2tes Beaurains 62 &#8211; Composez votre assiette &#8211; Formules \u00e0 volont\u00e9 &#8211;<\/h2><p>venez entre amis ou en famille formules a volont\u00e9<\/p><p>Notre restaurant LENCART est tout d\u2019abord un \u00e9tat d\u2019esprit. Le but est simple:<\/p><p>se retrouver entre amis et\/ou famille pour partager un moment agr\u00e9able.<\/p><p>venez entre amis ou en famille formules a volont\u00e9<\/p><p>Notre restaurant LENCART est tout d\u2019abord un \u00e9tat d\u2019esprit. Le but est simple:<\/p><p>se retrouver entre amis et\/ou famille pour partager un moment agr\u00e9able.<\/p><p>Pour cela, nous avons souhait\u00e9 vous offrir un lieu chaleureux et cocooning.<\/p><p>Nous avons \u00e9galement s\u00e9lectionn\u00e9 des produits frais et locaux pour garantir la qualit\u00e9 et le go\u00fbt de vos plats.<\/p><p>Notre restaurant LENCART est tout d\u2019abord un \u00e9tat d\u2019esprit. Le but est simple:<\/p><p>se retrouver entre amis et\/ou famille pour partager un moment agr\u00e9able.<\/p><p>Pour cela, nous avons souhait\u00e9 vous offrir un lieu chaleureux et cocooning.<\/p><p>Nous avons \u00e9galement s\u00e9lectionn\u00e9 des produits frais et locaux pour garantir la qualit\u00e9 et le go\u00fbt de vos plats.<\/p><p>Notre restaurant LENCART est tout d\u2019abord un \u00e9tat d\u2019esprit. Le but est simple:<\/p><p>se retrouver entre amis et\/ou famille pour partager un moment agr\u00e9able.<\/p><p>Pour cela, nous avons souhait\u00e9 vous offrir un lieu chaleureux et cocooning.<\/p><p>Nous avons \u00e9galement s\u00e9lectionn\u00e9 des produits frais et locaux pour garantir la qualit\u00e9 et le go\u00fbt de vos plats.<\/p><h2>Notre restaurant LENCART beaurains arras<\/h2><p>est tout d\u2019abord un \u00e9tat d\u2019esprit. Le but est simple:<\/p><p>se retrouver entre amis et\/ou famille pour partager un moment agr\u00e9able.<\/p><p>Pour cela, nous avons souhait\u00e9 vous offrir un lieu chaleureux et cocooning.<\/p><p>Nous avons \u00e9galement s\u00e9lectionn\u00e9 des produits frais et locaux pour garantir la qualit\u00e9 et le go\u00fbt de vos plats.<\/p>\t\t\t\t\t\t\t\t<\/div>\n\t\t\t\t<\/div>\n\t\t\t\t<section class=\"elementor-section elementor-inner-section elementor-element elementor-element-49db68cf elementor-section-boxed elementor-section-height-default elementor-section-height-default\" data-id=\"49db68cf\" data-element_type=\"section\" data-settings=\"{&quot;_ha_eqh_enable&quot;:false}\">\n\t\t\t\t\t\t<div class=\"elementor-container elementor-column-gap-default\">\n\t\t\t\t\t<div class=\"elementor-column elementor-col-100 elementor-inner-column elementor-element elementor-element-544b7e0d\" data-id=\"544b7e0d\" data-element_type=\"column\">\n\t\t\t<div class=\"elementor-widget-wrap elementor-element-populated\">\n\t\t\t\t\t\t<div class=\"elementor-element elementor-element-5ece4be5 elementor-widget-divider--view-line elementor-invisible elementor-widget elementor-widget-divider\" data-id=\"5ece4be5\" data-element_type=\"widget\" data-settings=\"{&quot;_animation&quot;:&quot;zoomIn&quot;}\" data-widget_type=\"divider.default\">\n\t\t\t\t<div class=\"elementor-widget-container\">\n\t\t\t\t\t\t\t<div class=\"elementor-divider\">\n\t\t\t<span class=\"elementor-divider-separator\">\n\t\t\t\t\t\t<\/span>\n\t\t<\/div>\n\t\t\t\t\t\t<\/div>\n\t\t\t\t<\/div>\n\t\t\t\t\t<\/div>\n\t\t<\/div>\n\t\t\t\t\t<\/div>\n\t\t<\/section>\n\t\t\t\t\t<\/div>\n\t\t<\/div>\n\t\t\t\t\t<\/div>\n\t\t<\/section>\n\t\t\t\t<section class=\"elementor-section elementor-top-section elementor-element elementor-element-2b9d5a0 elementor-section-stretched elementor-section-boxed elementor-section-height-default elementor-section-height-default\" data-id=\"2b9d5a0\" data-element_type=\"section\" data-settings=\"{&quot;stretch_section&quot;:&quot;section-stretched&quot;,&quot;_ha_eqh_enable&quot;:false}\">\n\t\t\t\t\t\t<div class=\"elementor-container elementor-column-gap-no\">\n\t\t\t\t\t<div class=\"elementor-column elementor-col-100 elementor-top-column elementor-element elementor-element-7fe4b76\" data-id=\"7fe4b76\" data-element_type=\"column\">\n\t\t\t<div class=\"elementor-widget-wrap elementor-element-populated\">\n\t\t\t\t\t\t<div class=\"elementor-element elementor-element-42c35b58 animated-slow elementor-invisible elementor-widget elementor-widget-heading\" data-id=\"42c35b58\" data-element_type=\"widget\" data-settings=\"{&quot;_animation&quot;:&quot;fadeIn&quot;,&quot;_animation_delay&quot;:300}\" data-widget_type=\"heading.default\">\n\t\t\t\t<div class=\"elementor-widget-container\">\n\t\t\t\t\t<h2 class=\"elementor-heading-title elementor-size-default\">Notre Carte<\/h2>\t\t\t\t<\/div>\n\t\t\t\t<\/div>\n\t\t\t\t<div class=\"elementor-element elementor-element-b1e7f98 animated-slow elementor-invisible elementor-widget elementor-widget-text-editor\" data-id=\"b1e7f98\" data-element_type=\"widget\" data-settings=\"{&quot;_animation&quot;:&quot;zoomIn&quot;}\" data-widget_type=\"text-editor.default\">\n\t\t\t\t<div class=\"elementor-widget-container\">\n\t\t\t\t\t\t\t\t\t<p>Tous les prix sont indiqu\u00e9s TTC &#8211; TVA appliqu\u00e9e aux taux en vigeur<\/p>\t\t\t\t\t\t\t\t<\/div>\n\t\t\t\t<\/div>\n\t\t\t\t<div class=\"elementor-element elementor-element-9759b38 animated-slow elementor-invisible elementor-widget elementor-widget-image\" data-id=\"9759b38\" data-element_type=\"widget\" data-settings=\"{&quot;_animation&quot;:&quot;fadeInUp&quot;}\" data-widget_type=\"image.default\">\n\t\t\t\t<div class=\"elementor-widget-container\">\n\t\t\t\t\t\t\t\t\t\t\t\t\t\t\t<img fetchpriority=\"high\" decoding=\"async\" width=\"1636\" height=\"1158\" src=\"https:\/\/lencart.fr\/wp-content\/uploads\/2025\/12\/SET-DE-TABLE-NOEL.jpg\" class=\"attachment-full size-full wp-image-1177\" alt=\"\" srcset=\"https:\/\/lencart.fr\/wp-content\/uploads\/2025\/12\/SET-DE-TABLE-NOEL.jpg 1636w, https:\/\/lencart.fr\/wp-content\/uploads\/2025\/12\/SET-DE-TABLE-NOEL-300x212.jpg 300w, https:\/\/lencart.fr\/wp-content\/uploads\/2025\/12\/SET-DE-TABLE-NOEL-1024x725.jpg 1024w, https:\/\/lencart.fr\/wp-content\/uploads\/2025\/12\/SET-DE-TABLE-NOEL-768x544.jpg 768w, https:\/\/lencart.fr\/wp-content\/uploads\/2025\/12\/SET-DE-TABLE-NOEL-1536x1087.jpg 1536w\" sizes=\"(max-width: 1636px) 100vw, 1636px\" \/>\t\t\t\t\t\t\t\t\t\t\t\t\t\t\t<\/div>\n\t\t\t\t<\/div>\n\t\t\t\t\t<\/div>\n\t\t<\/div>\n\t\t\t\t\t<\/div>\n\t\t<\/section>\n\t\t\t\t<section class=\"elementor-section elementor-top-section elementor-element elementor-element-3a37acfb elementor-section-stretched elementor-section-boxed elementor-section-height-default elementor-section-height-default\" data-id=\"3a37acfb\" data-element_type=\"section\" data-settings=\"{&quot;stretch_section&quot;:&quot;section-stretched&quot;,&quot;_ha_eqh_enable&quot;:false}\">\n\t\t\t\t\t\t<div class=\"elementor-container elementor-column-gap-default\">\n\t\t\t\t\t<div class=\"elementor-column elementor-col-100 elementor-top-column elementor-element elementor-element-285c8a26\" data-id=\"285c8a26\" data-element_type=\"column\">\n\t\t\t<div class=\"elementor-widget-wrap elementor-element-populated\">\n\t\t\t\t\t\t<div class=\"elementor-element elementor-element-7fa2f0a9 animated-slow elementor-invisible elementor-widget elementor-widget-text-editor\" data-id=\"7fa2f0a9\" data-element_type=\"widget\" data-settings=\"{&quot;_animation&quot;:&quot;fadeIn&quot;,&quot;_animation_mobile&quot;:&quot;fadeIn&quot;}\" data-widget_type=\"text-editor.default\">\n\t\t\t\t<div class=\"elementor-widget-container\">\n\t\t\t\t\t\t\t\t\t<p>Pour votre sant\u00e9, \u00e9vitez de manger trop gras, trop sucr\u00e9, trop sal\u00e9.<span style=\"color: #33cccc;\"><a style=\"color: #33cccc;\" href=\"https:\/\/www.mangerbouger.fr\" target=\"_blank\" rel=\"noopener\"> www.mangerbouger.fr<\/a><\/span><\/p>\t\t\t\t\t\t\t\t<\/div>\n\t\t\t\t<\/div>\n\t\t\t\t\t<\/div>\n\t\t<\/div>\n\t\t\t\t\t<\/div>\n\t\t<\/section>\n\t\t\t\t<\/div>\n\t\t","protected":false},"excerpt":{"rendered":"<p>restaurant Arras LENCART salade pizza p\u00e2tes Beaurains 62 &#8211; Composez votre assiette &#8211; Formules \u00e0 volont\u00e9 &#8211; restaurant Arras LENCART salade pizza p\u00e2tes Beaurains 62 &#8211; Composez votre assiette &#8211; Formules \u00e0 volont\u00e9 &#8211; R\u00e9servation sur www.lencart.fr restaurant Arras LENCART salade pizza p\u00e2tes Beaurains 62 &#8211; Composez votre assiette &#8211; Formules \u00e0 volont\u00e9 &#8211; venez entre amis ou en famille formules a volont\u00e9 Notre restaurant LENCART est tout d\u2019abord un \u00e9tat d\u2019esprit. Le but est simple: se retrouver entre amis et\/ou famille pour partager un moment agr\u00e9able. venez entre amis ou en famille formules a volont\u00e9 Notre restaurant LENCART est tout d\u2019abord un \u00e9tat d\u2019esprit. Le but est simple: se retrouver entre amis et\/ou famille pour partager un moment agr\u00e9able. Pour cela, nous avons souhait\u00e9 vous offrir un lieu chaleureux et cocooning. Nous avons \u00e9galement s\u00e9lectionn\u00e9 des produits frais et locaux pour garantir la qualit\u00e9 et le go\u00fbt de vos&hellip;<\/p>\n<p> <a class=\"more-link\" href=\"https:\/\/lencart.fr\/?page_id=163\">Lire la suite<\/a><\/p>\n","protected":false},"author":2,"featured_media":45,"parent":0,"menu_order":0,"comment_status":"closed","ping_status":"closed","template":"","meta":{"footnotes":""},"class_list":["post-163","page","type-page","status-publish","has-post-thumbnail"],"yoast_head":"<!-- This site is optimized with the Yoast SEO plugin v27.3 - https:\/\/yoast.com\/product\/yoast-seo-wordpress\/ -->\n<title>restaurant Arras LENCART salade pizza p\u00e2tes Beaurains 62<\/title>\n<meta name=\"description\" content=\"restaurant Arras LENCART salade pizza p\u00e2tes Beaurains 62 - Composez votre assiette - Formules \u00e0 volont\u00e9 - R\u00e9servation sur www.lencart.fr\" \/>\n<meta name=\"robots\" content=\"index, follow, max-snippet:-1, max-image-preview:large, max-video-preview:-1\" \/>\n<link rel=\"canonical\" href=\"https:\/\/lencart.fr\/?page_id=163\" \/>\n<meta property=\"og:locale\" content=\"fr_FR\" \/>\n<meta property=\"og:type\" content=\"article\" \/>\n<meta property=\"og:title\" content=\"restaurant Arras LENCART salade pizza p\u00e2tes Beaurains 62\" \/>\n<meta property=\"og:description\" content=\"restaurant Arras LENCART salade pizza p\u00e2tes Beaurains 62 - Composez votre assiette - Formules \u00e0 volont\u00e9 - R\u00e9servation sur www.lencart.fr\" \/>\n<meta property=\"og:url\" content=\"https:\/\/lencart.fr\/?page_id=163\" \/>\n<meta property=\"og:site_name\" content=\"LENCART\" \/>\n<meta property=\"article:publisher\" content=\"https:\/\/www.facebook.com\/pages\/category\/Restaurant\/Lencart-112911543491080\/\" \/>\n<meta property=\"article:modified_time\" content=\"2025-12-01T11:18:59+00:00\" \/>\n<meta property=\"og:image\" content=\"https:\/\/lencart.fr\/wp-content\/uploads\/2019\/12\/logoiconelencart.png\" \/>\n\t<meta property=\"og:image:width\" content=\"720\" \/>\n\t<meta property=\"og:image:height\" content=\"600\" \/>\n\t<meta property=\"og:image:type\" content=\"image\/png\" \/>\n<meta name=\"twitter:card\" content=\"summary_large_image\" \/>\n<meta name=\"twitter:label1\" content=\"Dur\u00e9e de lecture estim\u00e9e\" \/>\n\t<meta name=\"twitter:data1\" content=\"2 minutes\" \/>\n<script type=\"application\/ld+json\" class=\"yoast-schema-graph\">{\"@context\":\"https:\\\/\\\/schema.org\",\"@graph\":[{\"@type\":\"WebPage\",\"@id\":\"https:\\\/\\\/lencart.fr\\\/?page_id=163\",\"url\":\"https:\\\/\\\/lencart.fr\\\/?page_id=163\",\"name\":\"restaurant Arras LENCART salade pizza p\u00e2tes Beaurains 62\",\"isPartOf\":{\"@id\":\"https:\\\/\\\/lencart.fr\\\/#website\"},\"primaryImageOfPage\":{\"@id\":\"https:\\\/\\\/lencart.fr\\\/?page_id=163#primaryimage\"},\"image\":{\"@id\":\"https:\\\/\\\/lencart.fr\\\/?page_id=163#primaryimage\"},\"thumbnailUrl\":\"https:\\\/\\\/lencart.fr\\\/wp-content\\\/uploads\\\/2019\\\/12\\\/logoiconelencart.png\",\"datePublished\":\"2019-12-31T01:04:18+00:00\",\"dateModified\":\"2025-12-01T11:18:59+00:00\",\"description\":\"restaurant Arras LENCART salade pizza p\u00e2tes Beaurains 62 - Composez votre assiette - Formules \u00e0 volont\u00e9 - R\u00e9servation sur www.lencart.fr\",\"breadcrumb\":{\"@id\":\"https:\\\/\\\/lencart.fr\\\/?page_id=163#breadcrumb\"},\"inLanguage\":\"fr-FR\",\"potentialAction\":[{\"@type\":\"ReadAction\",\"target\":[\"https:\\\/\\\/lencart.fr\\\/?page_id=163\"]}]},{\"@type\":\"ImageObject\",\"inLanguage\":\"fr-FR\",\"@id\":\"https:\\\/\\\/lencart.fr\\\/?page_id=163#primaryimage\",\"url\":\"https:\\\/\\\/lencart.fr\\\/wp-content\\\/uploads\\\/2019\\\/12\\\/logoiconelencart.png\",\"contentUrl\":\"https:\\\/\\\/lencart.fr\\\/wp-content\\\/uploads\\\/2019\\\/12\\\/logoiconelencart.png\",\"width\":720,\"height\":600,\"caption\":\"lencart restaurant bar\"},{\"@type\":\"BreadcrumbList\",\"@id\":\"https:\\\/\\\/lencart.fr\\\/?page_id=163#breadcrumb\",\"itemListElement\":[{\"@type\":\"ListItem\",\"position\":1,\"name\":\"Accueil\",\"item\":\"https:\\\/\\\/lencart.fr\\\/\"},{\"@type\":\"ListItem\",\"position\":2,\"name\":\"Carte\"}]},{\"@type\":\"WebSite\",\"@id\":\"https:\\\/\\\/lencart.fr\\\/#website\",\"url\":\"https:\\\/\\\/lencart.fr\\\/\",\"name\":\"LENCART\",\"description\":\"Ici cest vous le chef !\",\"publisher\":{\"@id\":\"https:\\\/\\\/lencart.fr\\\/#organization\"},\"potentialAction\":[{\"@type\":\"SearchAction\",\"target\":{\"@type\":\"EntryPoint\",\"urlTemplate\":\"https:\\\/\\\/lencart.fr\\\/?s={search_term_string}\"},\"query-input\":{\"@type\":\"PropertyValueSpecification\",\"valueRequired\":true,\"valueName\":\"search_term_string\"}}],\"inLanguage\":\"fr-FR\"},{\"@type\":\"Organization\",\"@id\":\"https:\\\/\\\/lencart.fr\\\/#organization\",\"name\":\"LENCART\",\"url\":\"https:\\\/\\\/lencart.fr\\\/\",\"logo\":{\"@type\":\"ImageObject\",\"inLanguage\":\"fr-FR\",\"@id\":\"https:\\\/\\\/lencart.fr\\\/#\\\/schema\\\/logo\\\/image\\\/\",\"url\":\"https:\\\/\\\/lencart.fr\\\/wp-content\\\/uploads\\\/2019\\\/12\\\/lencartlogoinsert.png\",\"contentUrl\":\"https:\\\/\\\/lencart.fr\\\/wp-content\\\/uploads\\\/2019\\\/12\\\/lencartlogoinsert.png\",\"width\":1440,\"height\":539,\"caption\":\"LENCART\"},\"image\":{\"@id\":\"https:\\\/\\\/lencart.fr\\\/#\\\/schema\\\/logo\\\/image\\\/\"},\"sameAs\":[\"https:\\\/\\\/www.facebook.com\\\/pages\\\/category\\\/Restaurant\\\/Lencart-112911543491080\\\/\"]}]}<\/script>\n<!-- \/ Yoast SEO plugin. -->","yoast_head_json":{"title":"restaurant Arras LENCART salade pizza p\u00e2tes Beaurains 62","description":"restaurant Arras LENCART salade pizza p\u00e2tes Beaurains 62 - Composez votre assiette - Formules \u00e0 volont\u00e9 - R\u00e9servation sur www.lencart.fr","robots":{"index":"index","follow":"follow","max-snippet":"max-snippet:-1","max-image-preview":"max-image-preview:large","max-video-preview":"max-video-preview:-1"},"canonical":"https:\/\/lencart.fr\/?page_id=163","og_locale":"fr_FR","og_type":"article","og_title":"restaurant Arras LENCART salade pizza p\u00e2tes Beaurains 62","og_description":"restaurant Arras LENCART salade pizza p\u00e2tes Beaurains 62 - Composez votre assiette - Formules \u00e0 volont\u00e9 - R\u00e9servation sur www.lencart.fr","og_url":"https:\/\/lencart.fr\/?page_id=163","og_site_name":"LENCART","article_publisher":"https:\/\/www.facebook.com\/pages\/category\/Restaurant\/Lencart-112911543491080\/","article_modified_time":"2025-12-01T11:18:59+00:00","og_image":[{"width":720,"height":600,"url":"https:\/\/lencart.fr\/wp-content\/uploads\/2019\/12\/logoiconelencart.png","type":"image\/png"}],"twitter_card":"summary_large_image","twitter_misc":{"Dur\u00e9e de lecture estim\u00e9e":"2 minutes"},"schema":{"@context":"https:\/\/schema.org","@graph":[{"@type":"WebPage","@id":"https:\/\/lencart.fr\/?page_id=163","url":"https:\/\/lencart.fr\/?page_id=163","name":"restaurant Arras LENCART salade pizza p\u00e2tes Beaurains 62","isPartOf":{"@id":"https:\/\/lencart.fr\/#website"},"primaryImageOfPage":{"@id":"https:\/\/lencart.fr\/?page_id=163#primaryimage"},"image":{"@id":"https:\/\/lencart.fr\/?page_id=163#primaryimage"},"thumbnailUrl":"https:\/\/lencart.fr\/wp-content\/uploads\/2019\/12\/logoiconelencart.png","datePublished":"2019-12-31T01:04:18+00:00","dateModified":"2025-12-01T11:18:59+00:00","description":"restaurant Arras LENCART salade pizza p\u00e2tes Beaurains 62 - Composez votre assiette - Formules \u00e0 volont\u00e9 - R\u00e9servation sur www.lencart.fr","breadcrumb":{"@id":"https:\/\/lencart.fr\/?page_id=163#breadcrumb"},"inLanguage":"fr-FR","potentialAction":[{"@type":"ReadAction","target":["https:\/\/lencart.fr\/?page_id=163"]}]},{"@type":"ImageObject","inLanguage":"fr-FR","@id":"https:\/\/lencart.fr\/?page_id=163#primaryimage","url":"https:\/\/lencart.fr\/wp-content\/uploads\/2019\/12\/logoiconelencart.png","contentUrl":"https:\/\/lencart.fr\/wp-content\/uploads\/2019\/12\/logoiconelencart.png","width":720,"height":600,"caption":"lencart restaurant bar"},{"@type":"BreadcrumbList","@id":"https:\/\/lencart.fr\/?page_id=163#breadcrumb","itemListElement":[{"@type":"ListItem","position":1,"name":"Accueil","item":"https:\/\/lencart.fr\/"},{"@type":"ListItem","position":2,"name":"Carte"}]},{"@type":"WebSite","@id":"https:\/\/lencart.fr\/#website","url":"https:\/\/lencart.fr\/","name":"LENCART","description":"Ici cest vous le chef !","publisher":{"@id":"https:\/\/lencart.fr\/#organization"},"potentialAction":[{"@type":"SearchAction","target":{"@type":"EntryPoint","urlTemplate":"https:\/\/lencart.fr\/?s={search_term_string}"},"query-input":{"@type":"PropertyValueSpecification","valueRequired":true,"valueName":"search_term_string"}}],"inLanguage":"fr-FR"},{"@type":"Organization","@id":"https:\/\/lencart.fr\/#organization","name":"LENCART","url":"https:\/\/lencart.fr\/","logo":{"@type":"ImageObject","inLanguage":"fr-FR","@id":"https:\/\/lencart.fr\/#\/schema\/logo\/image\/","url":"https:\/\/lencart.fr\/wp-content\/uploads\/2019\/12\/lencartlogoinsert.png","contentUrl":"https:\/\/lencart.fr\/wp-content\/uploads\/2019\/12\/lencartlogoinsert.png","width":1440,"height":539,"caption":"LENCART"},"image":{"@id":"https:\/\/lencart.fr\/#\/schema\/logo\/image\/"},"sameAs":["https:\/\/www.facebook.com\/pages\/category\/Restaurant\/Lencart-112911543491080\/"]}]}},"_links":{"self":[{"href":"https:\/\/lencart.fr\/index.php?rest_route=\/wp\/v2\/pages\/163","targetHints":{"allow":["GET"]}}],"collection":[{"href":"https:\/\/lencart.fr\/index.php?rest_route=\/wp\/v2\/pages"}],"about":[{"href":"https:\/\/lencart.fr\/index.php?rest_route=\/wp\/v2\/types\/page"}],"author":[{"embeddable":true,"href":"https:\/\/lencart.fr\/index.php?rest_route=\/wp\/v2\/users\/2"}],"replies":[{"embeddable":true,"href":"https:\/\/lencart.fr\/index.php?rest_route=%2Fwp%2Fv2%2Fcomments&post=163"}],"version-history":[{"count":50,"href":"https:\/\/lencart.fr\/index.php?rest_route=\/wp\/v2\/pages\/163\/revisions"}],"predecessor-version":[{"id":1180,"href":"https:\/\/lencart.fr\/index.php?rest_route=\/wp\/v2\/pages\/163\/revisions\/1180"}],"wp:featuredmedia":[{"embeddable":true,"href":"https:\/\/lencart.fr\/index.php?rest_route=\/wp\/v2\/media\/45"}],"wp:attachment":[{"href":"https:\/\/lencart.fr\/index.php?rest_route=%2Fwp%2Fv2%2Fmedia&parent=163"}],"curies":[{"name":"wp","href":"https:\/\/api.w.org\/{rel}","templated":true}]}}